{"id":211,"date":"2021-09-08T22:24:04","date_gmt":"2021-09-08T20:24:04","guid":{"rendered":"http:\/\/ykizen.fr\/?page_id=211"},"modified":"2021-09-08T22:37:20","modified_gmt":"2021-09-08T20:37:20","slug":"informations","status":"publish","type":"page","link":"https:\/\/ykizen.fr\/?page_id=211","title":{"rendered":"Les bienfaits du rire"},"content":{"rendered":"\n<ul class=\"wp-block-list\"><li>Le Neurophysiologiste Rubinstein Henri, P\u00e8re de la Rigologie, dans son ouvrage intitul\u00e9 Psychosomatique du Rire, d\u00e9montre la r\u00e9percussion de ce r\u00e9flexe vital sur l\u2019organisme tout entier.<br><br><\/li><li>Le Rire est un v\u00e9ritable antidote contre le \u00abstress \u00bbet d\u00e9samorce l\u2019anxi\u00e9t\u00e9 tout en r\u00e9\u00e9quilibrant le syst\u00e8me nerveux, le corps dans sa globalit\u00e9.<br><br><\/li><li>\u00abLe Rire est une gymnastique mentale, musculaire et respiratoire. Il aide \u00e0 vivre plus longtemps et en meilleur sant\u00e9.\u00bb selon le -Dr Henri Rubinstein<br><br><\/li><li>Lorsque nous sollicitons ce r\u00e9flexe vital, l\u2019organisme nous procure une r\u00e9elle dose de bonheur.<br><br><\/li><li>Notre corps est capable d\u2019activer son syst\u00e8me hormonal et neuronal pour produire la <span class=\"has-inline-color has-vivid-red-color\"><strong>D<\/strong><\/span>.<strong><span class=\"has-inline-color has-luminous-vivid-amber-color\">O<\/span><\/strong>.<strong><span class=\"has-inline-color has-vivid-green-cyan-color\">S<\/span><\/strong>.E (<span class=\"has-inline-color has-vivid-red-color\"><strong>D<\/strong><\/span>opamine, <span class=\"has-inline-color has-luminous-vivid-amber-color\"><strong>O<\/strong><\/span>cytocine, <strong><span class=\"has-inline-color has-vivid-green-cyan-color\">S<\/span><\/strong>\u00e9rotonine, Endorphine)<\/li><\/ul>\n\n\n\n<p><\/p>\n\n\n\n<figure class=\"wp-block-image size-full is-resized is-style-rounded\"><img loading=\"lazy\" decoding=\"async\" src=\"http:\/\/ykizen.fr\/wp-content\/uploads\/2021\/09\/Capture.jpg\" alt=\"\" class=\"wp-image-219\" width=\"431\" height=\"414\" srcset=\"https:\/\/ykizen.fr\/wp-content\/uploads\/2021\/09\/Capture.jpg 574w, https:\/\/ykizen.fr\/wp-content\/uploads\/2021\/09\/Capture-300x289.jpg 300w\" sizes=\"auto, (max-width: 431px) 100vw, 431px\" \/><\/figure>\n","protected":false},"excerpt":{"rendered":"<p>Le Neurophysiologiste Rubinstein Henri, P\u00e8re de la Rigologie, dans son ouvrage intitul\u00e9 Psychosomatique du Rire, d\u00e9montre la r\u00e9percussion de ce r\u00e9flexe vital sur l\u2019organisme tout entier. Le Rire est un v\u00e9ritable antidote contre le \u00abstress \u00bbet d\u00e9samorce l\u2019anxi\u00e9t\u00e9 tout en r\u00e9\u00e9quilibrant le syst\u00e8me nerveux, le corps dans sa globalit\u00e9. \u00abLe Rire est une gymnastique mentale, musculaire et respiratoire. Il aide \u00e0 vivre plus longtemps et en meilleur sant\u00e9.\u00bb selon le -Dr Henri Rubinstein Lorsque nous sollicitons ce r\u00e9flexe vital, l\u2019organisme nous procure une r\u00e9elle dose de bonheur. Notre corps est capable d\u2019activer son syst\u00e8me hormonal et neuronal pour produire la D.O.S.E (Dopamine, Ocytocine, S\u00e9rotonine, Endorphine)<\/p>\n","protected":false},"author":1,"featured_media":0,"parent":0,"menu_order":0,"comment_status":"closed","ping_status":"closed","template":"","meta":{"footnotes":""},"class_list":["post-211","page","type-page","status-publish","hentry"],"_links":{"self":[{"href":"https:\/\/ykizen.fr\/index.php?rest_route=\/wp\/v2\/pages\/211","targetHints":{"allow":["GET"]}}],"collection":[{"href":"https:\/\/ykizen.fr\/index.php?rest_route=\/wp\/v2\/pages"}],"about":[{"href":"https:\/\/ykizen.fr\/index.php?rest_route=\/wp\/v2\/types\/page"}],"author":[{"embeddable":true,"href":"https:\/\/ykizen.fr\/index.php?rest_route=\/wp\/v2\/users\/1"}],"replies":[{"embeddable":true,"href":"https:\/\/ykizen.fr\/index.php?rest_route=%2Fwp%2Fv2%2Fcomments&post=211"}],"version-history":[{"count":7,"href":"https:\/\/ykizen.fr\/index.php?rest_route=\/wp\/v2\/pages\/211\/revisions"}],"predecessor-version":[{"id":222,"href":"https:\/\/ykizen.fr\/index.php?rest_route=\/wp\/v2\/pages\/211\/revisions\/222"}],"wp:attachment":[{"href":"https:\/\/ykizen.fr\/index.php?rest_route=%2Fwp%2Fv2%2Fmedia&parent=211"}],"curies":[{"name":"wp","href":"https:\/\/api.w.org\/{rel}","templated":true}]}}