{"id":202,"date":"2021-09-08T22:05:08","date_gmt":"2021-09-08T20:05:08","guid":{"rendered":"http:\/\/ykizen.fr\/?page_id=202"},"modified":"2021-10-04T14:04:30","modified_gmt":"2021-10-04T12:04:30","slug":"histoire","status":"publish","type":"page","link":"https:\/\/ykizen.fr\/?page_id=202","title":{"rendered":"Histoire"},"content":{"rendered":"\n<ul class=\"wp-block-list\"><li>Le Docteur Madan Kataria originaire de l\u2019Inde du Nord a fond\u00e9 en 1995 le concept du \u00abYoga du Rire ou Hasya Yoga.\u00bb<br><br><\/li><li>Yoga \u00abvient du mot sanskrit \u00abYUJ\u00bb qui signifie se connecter, s\u2019harmoniser , s\u2019int\u00e9grer.<br><br><\/li><li>Le Yoga du Rire et la Rigologie sont des techniques s\u00e9rieuses psychocorporelles ludiques. Le Yoga du rire combine la respiration Yogique et le Rire. Ce sont des activit\u00e9s physiques, naturelles, faciles et efficaces. La Rigologie est un concept du Dr Henri Rubinstein, bas\u00e9e sur la lib\u00e9ration \u00e9motionnelle. C\u2019est une discipline \u00e0 part enti\u00e8re qui aide \u00e0 retrouver un mieux-\u00eatre, une joie authentique.<br><br><\/li><li>Les bienfaits de la Th\u00e9rapie par le Rire \u00abLa Riroth\u00e9rapie\u00bb ont \u00e9t\u00e9 scientifiquement prouv\u00e9s. Il s\u2019av\u00e8re en effet que le corps ne fait pas de diff\u00e9rence entre le rire spontan\u00e9 et le rire volontaire.<br><br><\/li><li>Pourquoi pratiquer le Rire ?<br><br><\/li><li>Pratiquer le rire est un moyen de renforcer sa pr\u00e9disposition \u00e0 rire afin de nous rendre plus joyeux, changer notre perception du monde et notre relation aux autres, tout en pr\u00e9servant notre sant\u00e9 physique et mentale<br><\/li><\/ul>\n\n\n\n<blockquote class=\"wp-block-quote is-layout-flow wp-block-quote-is-layout-flow\"><p>\u00ab\u00a0Quand vous riez, vous changez et quand vous changez, le monde entier change.\u00a0\u00bb<\/p><cite>Dr Madan Kataria<\/cite><\/blockquote>\n\n\n\n<p><\/p>\n","protected":false},"excerpt":{"rendered":"<p>Le Docteur Madan Kataria originaire de l\u2019Inde du Nord a fond\u00e9 en 1995 le concept du \u00abYoga du Rire ou Hasya Yoga.\u00bb Yoga \u00abvient du mot sanskrit \u00abYUJ\u00bb qui signifie se connecter, s\u2019harmoniser , s\u2019int\u00e9grer. Le Yoga du Rire et la Rigologie sont des techniques s\u00e9rieuses psychocorporelles ludiques. Le Yoga du rire combine la respiration Yogique et le Rire. Ce sont des activit\u00e9s physiques, naturelles, faciles et efficaces. La Rigologie est un concept du Dr Henri Rubinstein, bas\u00e9e sur la lib\u00e9ration \u00e9motionnelle. C\u2019est une discipline \u00e0 part enti\u00e8re qui aide \u00e0 retrouver un mieux-\u00eatre, une joie authentique. Les bienfaits de la Th\u00e9rapie par le Rire \u00abLa Riroth\u00e9rapie\u00bb ont \u00e9t\u00e9 scientifiquement prouv\u00e9s. Il s\u2019av\u00e8re en effet que le corps ne fait pas de diff\u00e9rence entre le rire spontan\u00e9 et le rire volontaire. Pourquoi pratiquer le Rire ? Pratiquer le rire est un moyen de renforcer sa pr\u00e9disposition \u00e0 rire afin de nous rendre plus joyeux, changer notre perception du monde et notre relation aux autres, tout en pr\u00e9servant notre sant\u00e9 physique et mentale \u00ab\u00a0Quand vous riez, vous changez et quand vous changez, le monde entier change.\u00a0\u00bb Dr Madan Kataria<\/p>\n","protected":false},"author":1,"featured_media":0,"parent":0,"menu_order":0,"comment_status":"closed","ping_status":"closed","template":"","meta":{"footnotes":""},"class_list":["post-202","page","type-page","status-publish","hentry"],"_links":{"self":[{"href":"https:\/\/ykizen.fr\/index.php?rest_route=\/wp\/v2\/pages\/202","targetHints":{"allow":["GET"]}}],"collection":[{"href":"https:\/\/ykizen.fr\/index.php?rest_route=\/wp\/v2\/pages"}],"about":[{"href":"https:\/\/ykizen.fr\/index.php?rest_route=\/wp\/v2\/types\/page"}],"author":[{"embeddable":true,"href":"https:\/\/ykizen.fr\/index.php?rest_route=\/wp\/v2\/users\/1"}],"replies":[{"embeddable":true,"href":"https:\/\/ykizen.fr\/index.php?rest_route=%2Fwp%2Fv2%2Fcomments&post=202"}],"version-history":[{"count":5,"href":"https:\/\/ykizen.fr\/index.php?rest_route=\/wp\/v2\/pages\/202\/revisions"}],"predecessor-version":[{"id":358,"href":"https:\/\/ykizen.fr\/index.php?rest_route=\/wp\/v2\/pages\/202\/revisions\/358"}],"wp:attachment":[{"href":"https:\/\/ykizen.fr\/index.php?rest_route=%2Fwp%2Fv2%2Fmedia&parent=202"}],"curies":[{"name":"wp","href":"https:\/\/api.w.org\/{rel}","templated":true}]}}