{"id":170,"date":"2021-09-08T21:49:29","date_gmt":"2021-09-08T19:49:29","guid":{"rendered":"http:\/\/ykizen.fr\/?page_id=170"},"modified":"2025-01-08T22:27:26","modified_gmt":"2025-01-08T21:27:26","slug":"services-2","status":"publish","type":"page","link":"https:\/\/ykizen.fr\/?page_id=170","title":{"rendered":"Services"},"content":{"rendered":"\n<div class=\"wp-block-columns is-layout-flex wp-container-core-columns-is-layout-9d6595d7 wp-block-columns-is-layout-flex\">\n<div class=\"wp-block-column is-vertically-aligned-bottom is-layout-flow wp-block-column-is-layout-flow\" style=\"flex-basis:100%\">\n<div class=\"wp-block-cover is-light has-parallax is-repeated has-custom-content-position is-position-bottom-right wp-duotone-unset-1\" style=\"min-height:528px;aspect-ratio:unset;\"><span aria-hidden=\"true\" class=\"wp-block-cover__background has-background-dim\" style=\"background-color:#ae9379\"><\/span><div class=\"wp-block-cover__image-background wp-image-373 has-parallax is-repeated\" style=\"background-position:50% 50%;background-image:url(http:\/\/ykizen.fr\/wp-content\/uploads\/2022\/03\/20220302_173857-1.jpg)\"><\/div><div class=\"wp-block-cover__inner-container is-layout-flow wp-block-cover-is-layout-flow\">\n<p class=\"has-small-font-size\"><\/p>\n<\/div><\/div>\n<\/div>\n<\/div>\n\n\n\n<h2 class=\"wp-block-heading has-text-align-center\">Enthousiaste et dr\u00f4le <\/h2>\n\n\n\n<p>Je vous offre la possibilit\u00e9 de me recevoir dans vos locaux respectifs&#8230;chez vous!! <\/p>\n\n\n\n<ul class=\"wp-block-list\">\n<li> En ENTREPRISE \u00a0\u00bb c&rsquo;est avec JOIE que je cr\u00e9e des s\u00e9ances th\u00e9matiques \u00e9labor\u00e9es par mes soins et adapt\u00e9es \u00e0 vos besoins et vos envies.\u00a0\u00bb Mes exp\u00e9riences en  ENTREPRISES sur Lyon et Villefranche sur Sa\u00f4ne sont toujours un grand succ\u00e8s, le Rire et la joie op\u00e8rent \u00e0 chaque s\u00e9ance.<\/li>\n<\/ul>\n\n\n\n<ul class=\"wp-block-list\">\n<li>J&rsquo;ai la possibilit\u00e9 et la capacit\u00e9 \u00e0 intervenir dans diff\u00e9rents environnements  et aupr\u00e8s de diff\u00e9rentes personnes &#8230;dans diff\u00e9rents milieux que ce soit en milieu <strong>Associatif <\/strong>&#8230;en <strong>EHPAD&#8230; <\/strong>aupr\u00e8s de jeunes enfants et aussi dans <strong>des structures M\u00e9dicalis\u00e9es.<\/strong>&#8230;.<\/li>\n<\/ul>\n\n\n\n<ul class=\"wp-block-list\">\n<li>Je vous offre aussi la possibilit\u00e9 d&rsquo;organiser des soir\u00e9es priv\u00e9es lors d&rsquo;\u00e9v\u00e8nements tels que  <strong>EVJF<\/strong>  \u00ab\u00a0Enterrements de vie de jeunes filles\u00a0\u00bb , des anniversaires &#8230; <\/li>\n<\/ul>\n\n\n\n<p> &#8230;\u00e0 tr\u00e8s vite j&rsquo;ai h\u00e2te de Rire \u00e0 vos c\u00f4t\u00e9s <\/p>\n\n\n\n<div class=\"wp-block-cover is-light\" style=\"min-height:170px;aspect-ratio:unset;\"><span aria-hidden=\"true\" class=\"wp-block-cover__background has-background-dim\"><\/span><img loading=\"lazy\" decoding=\"async\" width=\"2560\" height=\"1244\" class=\"wp-block-cover__image-background wp-image-308\" alt=\"\" src=\"http:\/\/ykizen.fr\/wp-content\/uploads\/2021\/09\/20210904_1720301096-1-scaled.jpg\" data-object-fit=\"cover\" srcset=\"https:\/\/ykizen.fr\/wp-content\/uploads\/2021\/09\/20210904_1720301096-1-scaled.jpg 2560w, https:\/\/ykizen.fr\/wp-content\/uploads\/2021\/09\/20210904_1720301096-1-300x146.jpg 300w, https:\/\/ykizen.fr\/wp-content\/uploads\/2021\/09\/20210904_1720301096-1-1024x498.jpg 1024w, https:\/\/ykizen.fr\/wp-content\/uploads\/2021\/09\/20210904_1720301096-1-768x373.jpg 768w, https:\/\/ykizen.fr\/wp-content\/uploads\/2021\/09\/20210904_1720301096-1-1536x747.jpg 1536w, https:\/\/ykizen.fr\/wp-content\/uploads\/2021\/09\/20210904_1720301096-1-2048x996.jpg 2048w, https:\/\/ykizen.fr\/wp-content\/uploads\/2021\/09\/20210904_1720301096-1-1140x554.jpg 1140w\" sizes=\"auto, (max-width: 2560px) 100vw, 2560px\" \/><div class=\"wp-block-cover__inner-container is-layout-flow wp-block-cover-is-layout-flow\">\n<p class=\"has-text-align-center has-huge-font-size\"><\/p>\n\n\n\n<p class=\"has-text-align-center has-large-font-size\"><\/p>\n<\/div><\/div>\n\n\n\n<h2 class=\"wp-block-heading has-text-align-center\">Bienveillante et professionnelle <\/h2>\n\n\n\n<p>Je propose des soins de <strong>Bien-\u00eatre <\/strong>dans toutes les diff\u00e9rentes structures \u00e9nonc\u00e9es ci dessus tarification selon les besoins en 1\/2 journ\u00e9e o\u00f9 en journ\u00e9e, \u00e0 l&rsquo;heure.<\/p>\n\n\n\n<p>Je me d\u00e9place et organise les prestations YKIZEN en individuel \u00e0 domicile que je propose \u00e0 Civrieux d&rsquo;Azergues au tarif de 60 \u20ac les 60 minutes pour les particuliers.<\/p>\n\n\n\n<p class=\"has-vivid-cyan-blue-color has-text-color has-link-color wp-elements-cfdebf43ca9b108711ca337222c43cfa\">Pour certains \u00e9v\u00e8nements vous pouvez choisir un Atelier YKIZEN chez vous \u00e0 d\u00e9finir selon vos envies .(minimum 6 personnes ) 15\u20ac par personne, \u00ab\u00a0s\u00e9ance offerte pour l&rsquo;h\u00f4te\u00a0\u00bb.<\/p>\n\n\n\n<p><\/p>\n\n\n\n<p class=\"has-pale-pink-color has-text-color has-link-color wp-elements-8f02fc212ea633dc8bd988ae677af1d8\">Pensez \u00e0 offrir un BON CADEAU \u00ab\u00a0Pause YKIZEN relaxation profonde au tarif de 60 \u20ac pour 90 minutes de soins \u00ab\u00a0un package de SOINS suivant le choix de la personne\u00a0\u00bb. (pr\u00e9voir 5 \u00e0 10 minutes avant le Rdv) une pause boisson offerte apr\u00e8s le soin.<\/p>\n\n\n\n<p class=\"has-vivid-green-cyan-color has-text-color has-link-color has-medium-font-size wp-elements-4e3b023fe92f55868119895392c561ea\"><\/p>\n\n\n\n<p><\/p>\n","protected":false},"excerpt":{"rendered":"<p>Enthousiaste et dr\u00f4le Je vous offre la possibilit\u00e9 de me recevoir dans vos locaux respectifs&#8230;chez vous!! &#8230;\u00e0 tr\u00e8s vite j&rsquo;ai h\u00e2te de Rire \u00e0 vos c\u00f4t\u00e9s Bienveillante et professionnelle Je propose des soins de Bien-\u00eatre dans toutes les diff\u00e9rentes structures \u00e9nonc\u00e9es ci dessus tarification selon les besoins en 1\/2 journ\u00e9e o\u00f9 en journ\u00e9e, \u00e0 l&rsquo;heure. Je me d\u00e9place et organise les prestations YKIZEN en individuel \u00e0 domicile que je propose \u00e0 Civrieux d&rsquo;Azergues au tarif de 60 \u20ac les 60 minutes pour les particuliers. Pour certains \u00e9v\u00e8nements vous pouvez choisir un Atelier YKIZEN chez vous \u00e0 d\u00e9finir selon vos envies .(minimum 6 personnes ) 15\u20ac par personne, \u00ab\u00a0s\u00e9ance offerte pour l&rsquo;h\u00f4te\u00a0\u00bb. Pensez \u00e0 offrir un BON CADEAU \u00ab\u00a0Pause YKIZEN relaxation profonde au tarif de 60 \u20ac pour 90 minutes de soins \u00ab\u00a0un package de SOINS suivant le choix de la personne\u00a0\u00bb. (pr\u00e9voir 5 \u00e0 10 minutes avant le Rdv) une pause boisson offerte apr\u00e8s le soin.<\/p>\n","protected":false},"author":1,"featured_media":0,"parent":0,"menu_order":0,"comment_status":"closed","ping_status":"closed","template":"","meta":{"footnotes":""},"class_list":["post-170","page","type-page","status-publish","hentry"],"_links":{"self":[{"href":"https:\/\/ykizen.fr\/index.php?rest_route=\/wp\/v2\/pages\/170","targetHints":{"allow":["GET"]}}],"collection":[{"href":"https:\/\/ykizen.fr\/index.php?rest_route=\/wp\/v2\/pages"}],"about":[{"href":"https:\/\/ykizen.fr\/index.php?rest_route=\/wp\/v2\/types\/page"}],"author":[{"embeddable":true,"href":"https:\/\/ykizen.fr\/index.php?rest_route=\/wp\/v2\/users\/1"}],"replies":[{"embeddable":true,"href":"https:\/\/ykizen.fr\/index.php?rest_route=%2Fwp%2Fv2%2Fcomments&post=170"}],"version-history":[{"count":50,"href":"https:\/\/ykizen.fr\/index.php?rest_route=\/wp\/v2\/pages\/170\/revisions"}],"predecessor-version":[{"id":801,"href":"https:\/\/ykizen.fr\/index.php?rest_route=\/wp\/v2\/pages\/170\/revisions\/801"}],"wp:attachment":[{"href":"https:\/\/ykizen.fr\/index.php?rest_route=%2Fwp%2Fv2%2Fmedia&parent=170"}],"curies":[{"name":"wp","href":"https:\/\/api.w.org\/{rel}","templated":true}]}}