{"id":147,"date":"2021-09-08T21:15:44","date_gmt":"2021-09-08T19:15:44","guid":{"rendered":"http:\/\/ykizen.fr\/?page_id=147"},"modified":"2025-05-01T14:07:07","modified_gmt":"2025-05-01T12:07:07","slug":"bien-etre","status":"publish","type":"page","link":"https:\/\/ykizen.fr\/?page_id=147","title":{"rendered":"Bien-\u00eatre"},"content":{"rendered":"\n<div class=\"wp-block-columns is-layout-flex wp-container-core-columns-is-layout-9d6595d7 wp-block-columns-is-layout-flex\">\n<div class=\"wp-block-column is-layout-flow wp-block-column-is-layout-flow\" style=\"flex-basis:100%\">\n<blockquote class=\"wp-block-quote has-text-align-center is-style-default is-layout-flow wp-block-quote-is-layout-flow\">\n<p>Activit\u00e9 Bien-\u00eatre YKIZEN \u559c\u3073 <br><br>L\u2019Espace YKIZEN est situ\u00e9 \u00e0 Civrieux d\u2019Azergues, <br><br>Tous les soins de Bien-\u00eatre sont r\u00e9alis\u00e9s dans un cadre chaleureux. <\/p>\n\n\n\n<p class=\"has-medium-font-size\">Un espace accueillant, a\u00e9r\u00e9 et lumineux.<br>Les produits cosm\u00e9tiques utilis\u00e9s sont naturellement adapt\u00e9s aux peaux sensibles.<br><br><mark style=\"background-color:rgba(0, 0, 0, 0)\" class=\"has-inline-color has-pale-pink-color\">Tous les soins YKIZEN sont  propos\u00e9s \u00e0 50\u20ac l&rsquo;unit\u00e9 pour 60 minutes <\/mark><\/p>\n\n\n\n<p class=\"has-medium-font-size\"><mark style=\"background-color:rgba(0, 0, 0, 0)\" class=\"has-inline-color has-pale-pink-color\">compter 75 minutes pour toutes les prestations.<\/mark><\/p>\n\n\n\n<p class=\"has-vivid-purple-color has-text-color has-link-color has-medium-font-size wp-elements-73ed226778e509b9db2c6c59db0a5341\"><\/p>\n<\/blockquote>\n\n\n\n<blockquote class=\"wp-block-quote has-text-align-right is-style-large has-pale-cyan-blue-color has-text-color has-small-font-size is-layout-flow wp-block-quote-is-layout-flow\">\n<p class=\"has-small-font-size\"><\/p>\n<\/blockquote>\n<\/div>\n<\/div>\n\n\n\n<div class=\"wp-block-columns is-layout-flex wp-container-core-columns-is-layout-9d6595d7 wp-block-columns-is-layout-flex\">\n<div class=\"wp-block-column is-layout-flow wp-block-column-is-layout-flow\">\n<div class=\"wp-block-cover aligncenter\" style=\"min-height:338px;aspect-ratio:unset;\"><img loading=\"lazy\" decoding=\"async\" width=\"480\" height=\"640\" class=\"wp-block-cover__image-background wp-image-720\" alt=\"\" src=\"http:\/\/ykizen.fr\/wp-content\/uploads\/2024\/07\/IMG_0950-2-rotated.jpg\" data-object-fit=\"cover\" srcset=\"https:\/\/ykizen.fr\/wp-content\/uploads\/2024\/07\/IMG_0950-2-rotated.jpg 480w, https:\/\/ykizen.fr\/wp-content\/uploads\/2024\/07\/IMG_0950-2-225x300.jpg 225w\" sizes=\"auto, (max-width: 480px) 100vw, 480px\" \/><span aria-hidden=\"true\" class=\"wp-block-cover__background has-background-dim\"><\/span><div class=\"wp-block-cover__inner-container is-layout-flow wp-block-cover-is-layout-flow\">\n<h2 class=\"wp-block-heading has-text-align-center has-large-font-size\"><sub><strong><mark style=\"background-color:rgba(0, 0, 0, 0)\" class=\"has-inline-color has-vivid-purple-color\">L<em>a Sonoth\u00e9rapie <\/em><\/mark><\/strong><\/sub><\/h2>\n\n\n\n<p class=\"has-vivid-purple-color has-text-color has-link-color wp-elements-46dea824a38908af89d13340e95bada1\">Soin de bien-\u00eatre par la vibration et les sons <\/p>\n\n\n\n<p class=\"has-vivid-purple-color has-text-color has-link-color has-medium-font-size wp-elements-7ebb3930472f80e0f7e96bc76940b6c9\">Bols et diapasons <\/p>\n\n\n\n<p class=\"has-vivid-purple-color has-text-color has-link-color has-medium-font-size wp-elements-e4bcdea6e6f9f67b9997ce288412aa15\">Tarif unique 50 \u20ac <\/p>\n<\/div><\/div>\n\n\n\n<h2 class=\"wp-block-heading has-vivid-purple-color has-text-color has-link-color has-medium-font-size wp-elements-7c226054abd006b5917ca409bd0018c0\">f<em>avorisant un r\u00e9el r\u00e9\u00e9quilibre complet du corps<\/em> en toute innocuit\u00e9.<\/h2>\n\n\n\n<p class=\"has-vivid-cyan-blue-color has-text-color has-link-color wp-elements-05632029db11419b895fe2527d27a9af\"><\/p>\n\n\n\n<h1 class=\"wp-block-heading has-vivid-cyan-blue-color has-text-color has-medium-font-size\"><mark style=\"background-color:rgba(0, 0, 0, 0)\" class=\"has-inline-color has-vivid-purple-color\"><strong>1<\/strong>\/<strong>Le diapason  <\/strong><\/mark><\/h1>\n\n\n\n<p class=\"has-black-color has-text-color\">est un instrument oscillatoire rentrant en r\u00e9sonance avec le corps par les diff\u00e9rentes fr\u00e9quences du diapason. C&rsquo;est un Soin relaxant profond semblable \u00e0 une micro sieste favorisant une d\u00e9tente profonde et pouvant att\u00e9nuer les douleurs. V\u00e9ritable parenth\u00e8se r\u00e9paratrice pour le corps et l\u2019esprit. \u00ab\u00a0\u00e9viter chez la femme enceinte et certains ant\u00e9c\u00e9dents\u00a0\u00bb<\/p>\n\n\n\n<p><\/p>\n\n\n\n<p class=\"has-vivid-cyan-blue-color has-text-color has-link-color has-medium-font-size wp-elements-27ed5b7143e8789d95dfb52f848080e6\"><mark style=\"background-color:rgba(0, 0, 0, 0)\" class=\"has-inline-color has-vivid-purple-color\">1\/<strong> <em>Bols chantants: <\/em><\/strong><\/mark><\/p>\n\n\n\n<p>Massage Sonore par vibrations, v\u00e9ritable voyage sonore , soin relaxant et \u00e9nergisant.<\/p>\n\n\n\n<p>S\u00e9ance o\u00f9 diff\u00e9rents instruments intuitifs sont utilis\u00e9s dont les bols tib\u00e9tains. Apaise les tensions et repose l&rsquo;esprit.<\/p>\n\n\n\n<p><\/p>\n\n\n\n<p><\/p>\n\n\n\n<p class=\"has-luminous-vivid-amber-color has-text-color has-link-color has-medium-font-size wp-elements-2b76fabac8a26fc4fa7657e60953416b\"><em><strong>BON CADEAU DISPONIBLE <\/strong><\/em>\u00ab\u00a0pause YKIZEN\u00a0\u00bb<\/p>\n\n\n\n<p class=\"has-luminous-vivid-amber-color has-text-color has-link-color has-medium-font-size wp-elements-95616eeef74af8d8e606e1d1e9587f46\"><strong>AU TARIF DE 60 \u20ac LES 90 MINUTES   <\/strong><\/p>\n<\/div>\n\n\n\n<div class=\"wp-block-column is-layout-flow wp-block-column-is-layout-flow\">\n<div class=\"wp-block-columns is-layout-flex wp-container-core-columns-is-layout-9d6595d7 wp-block-columns-is-layout-flex\">\n<div class=\"wp-block-column is-layout-flow wp-block-column-is-layout-flow\" style=\"flex-basis:100%\">\n<div class=\"wp-block-columns is-layout-flex wp-container-core-columns-is-layout-9d6595d7 wp-block-columns-is-layout-flex\">\n<div class=\"wp-block-column is-layout-flow wp-block-column-is-layout-flow\">\n<h2 class=\"wp-block-heading has-text-align-center has-pale-cyan-blue-color has-text-color has-large-font-size\">PAUSE YKIZEN <\/h2>\n\n\n\n<p class=\"has-text-align-center has-pale-cyan-blue-color has-text-color has-link-color has-large-font-size wp-elements-dd6187cd5d1b4beaf1d878079760c723\"><\/p>\n\n\n\n<div class=\"wp-block-cover alignwide\"><img loading=\"lazy\" decoding=\"async\" width=\"498\" height=\"1024\" class=\"wp-block-cover__image-background wp-image-719\" alt=\"\" src=\"http:\/\/ykizen.fr\/wp-content\/uploads\/2024\/07\/20210904_173509-498x1024.jpg\" data-object-fit=\"cover\" srcset=\"https:\/\/ykizen.fr\/wp-content\/uploads\/2024\/07\/20210904_173509-498x1024.jpg 498w, https:\/\/ykizen.fr\/wp-content\/uploads\/2024\/07\/20210904_173509-146x300.jpg 146w, https:\/\/ykizen.fr\/wp-content\/uploads\/2024\/07\/20210904_173509-768x1580.jpg 768w, https:\/\/ykizen.fr\/wp-content\/uploads\/2024\/07\/20210904_173509-747x1536.jpg 747w, https:\/\/ykizen.fr\/wp-content\/uploads\/2024\/07\/20210904_173509.jpg 980w\" sizes=\"auto, (max-width: 498px) 100vw, 498px\" \/><span aria-hidden=\"true\" class=\"wp-block-cover__background has-background-dim\"><\/span><div class=\"wp-block-cover__inner-container is-layout-flow wp-block-cover-is-layout-flow\">\n<p class=\"has-pale-pink-color has-text-color has-large-font-size\">MASSAGE <\/p>\n\n\n\n<p class=\"has-text-align-center has-pale-pink-color has-text-color has-medium-font-size\"><strong>Soins Pl\u00e9nitude<\/strong> : TARIF unique 50\u20ac<\/p>\n\n\n\n<p class=\"has-pale-pink-color has-text-color has-link-color has-large-font-size wp-elements-ac3157872ff26e141ea7f81d1984691d\"><\/p>\n<\/div><\/div>\n\n\n\n<ul class=\"wp-block-list\">\n<li class=\"has-medium-font-size\"><mark style=\"background-color:rgba(0, 0, 0, 0)\" class=\"has-inline-color has-vivid-cyan-blue-color\">Massage au baume chaud complet Relaxant &amp; Bienfaisant<\/mark> (zone corporelle mass\u00e9e \u00e0 d\u00e9finir selon vos envies et tensions musculaires du moment) table de massage tr\u00e8s confortable + couverture et matelas chauffants.<\/li>\n<\/ul>\n\n\n\n<p><\/p>\n\n\n<div class=\"wp-block-image\">\n<figure class=\"aligncenter is-resized\"><img loading=\"lazy\" decoding=\"async\" width=\"795\" height=\"1024\" src=\"http:\/\/ykizen.fr\/wp-content\/uploads\/2024\/08\/photo-pieds.jpeg\" alt=\"\" class=\"wp-image-725\" style=\"width:104px;height:auto\" srcset=\"https:\/\/ykizen.fr\/wp-content\/uploads\/2024\/08\/photo-pieds.jpeg 795w, https:\/\/ykizen.fr\/wp-content\/uploads\/2024\/08\/photo-pieds-233x300.jpeg 233w, https:\/\/ykizen.fr\/wp-content\/uploads\/2024\/08\/photo-pieds-768x989.jpeg 768w\" sizes=\"auto, (max-width: 795px) 100vw, 795px\" \/><\/figure>\n<\/div>\n\n\n<div class=\"wp-block-cover is-light\" style=\"min-height:207px;aspect-ratio:unset;\"><span aria-hidden=\"true\" class=\"wp-block-cover__background has-background-dim\" style=\"background-color:#FFF\"><\/span><div class=\"wp-block-cover__inner-container is-layout-constrained wp-block-cover-is-layout-constrained\">\n<div class=\"wp-block-buttons is-layout-flex wp-block-buttons-is-layout-flex\">\n<div class=\"wp-block-button\"><a class=\"wp-block-button__link wp-element-button\">R\u00e9flexologie Plantaire Chinoise <\/a><\/div>\n\n\n\n<div class=\"wp-block-button\"><a class=\"wp-block-button__link wp-element-button\">Tui Na &amp; Beaut\u00e9 des pieds<\/a><\/div>\n\n\n\n<div class=\"wp-block-button\"><a class=\"wp-block-button__link wp-element-button\"><mark style=\"background-color:rgba(0, 0, 0, 0)\" class=\"has-inline-color has-vivid-cyan-blue-color\">Massage Bien-\u00eatre complet TUI NA <\/mark>. Ce massage dynamisant , \u00e9nergisant se r\u00e9alise habill\u00e9.<\/a><\/div>\n<\/div>\n\n\n\n<figure class=\"wp-block-image size-full is-resized\"><img loading=\"lazy\" decoding=\"async\" width=\"1024\" height=\"521\" src=\"http:\/\/ykizen.fr\/wp-content\/uploads\/2024\/09\/TUINA-4.webp\" alt=\"\" class=\"wp-image-766\" style=\"width:83px;height:auto\"\/><\/figure>\n<\/div><\/div>\n\n\n\n<div class=\"wp-block-group\"><div class=\"wp-block-group__inner-container is-layout-flow wp-block-group-is-layout-flow\">\n<p><\/p>\n\n\n\n<p><\/p>\n\n\n\n<div class=\"wp-block-group is-layout-grid wp-container-core-group-is-layout-9649a0d9 wp-block-group-is-layout-grid\">\n<p class=\"has-large-font-size wp-container-content-e29552f7\"><\/p>\n\n\n\n<p class=\"wp-container-content-69bc4bdf\"><\/p>\n\n\n\n<p class=\"has-medium-font-size\"><sub> <\/sub><\/p>\n\n\n\n<ul class=\"wp-block-list\">\n<li><\/li>\n<\/ul>\n\n\n\n<p><\/p>\n\n\n\n<p><\/p>\n\n\n\n<p><\/p>\n<\/div>\n\n\n\n<div class=\"wp-block-media-text is-stacked-on-mobile\" style=\"grid-template-columns:21% auto\"><figure class=\"wp-block-media-text__media\"><img loading=\"lazy\" decoding=\"async\" width=\"900\" height=\"900\" src=\"http:\/\/ykizen.fr\/wp-content\/uploads\/2024\/09\/ektc2.jpg\" alt=\"\" class=\"wp-image-761 size-full\" srcset=\"https:\/\/ykizen.fr\/wp-content\/uploads\/2024\/09\/ektc2.jpg 900w, https:\/\/ykizen.fr\/wp-content\/uploads\/2024\/09\/ektc2-300x300.jpg 300w, https:\/\/ykizen.fr\/wp-content\/uploads\/2024\/09\/ektc2-150x150.jpg 150w, https:\/\/ykizen.fr\/wp-content\/uploads\/2024\/09\/ektc2-768x768.jpg 768w, https:\/\/ykizen.fr\/wp-content\/uploads\/2024\/09\/ektc2-75x75.jpg 75w\" sizes=\"auto, (max-width: 900px) 100vw, 900px\" \/><\/figure><div class=\"wp-block-media-text__content\">\n<pre class=\"wp-block-verse\"><mark style=\"background-color:rgba(0, 0, 0, 0)\" class=\"has-inline-color has-vivid-cyan-blue-color\"><strong>Soins Psycho- \u00c9nerg\u00e9tique<\/strong> <\/mark>: <strong>EFT <\/strong>Accompagnement selon une \"Technique de Lib\u00e9ration \u00e9motionnelle\" pour apprendre \u00e0 r\u00e9agir de fa\u00e7on positive lors de situations anxiog\u00e8nes, stressantes. C'est un outil puissant et lib\u00e9rateur. Possibilit\u00e9 par la suite de l'utiliser en toute autonomie. 1 seule s\u00e9ance individuelle peut permettre un r\u00e9el mieux \u00eatre avec des b\u00e9n\u00e9fices \u00e0 long terme.<br><\/pre>\n<\/div><\/div>\n\n\n\n<p><\/p>\n\n\n\n<p class=\"has-medium-font-size\"><br><br><\/p>\n\n\n\n<p><\/p>\n\n\n\n<p class=\"has-medium-font-size\"><\/p>\n<\/div><\/div>\n<\/div>\n<\/div>\n<\/div>\n<\/div>\n\n\n\n<p style=\"font-size:30px\"><br><\/p>\n<\/div>\n<\/div>\n\n\n\n<p><\/p>\n\n\n\n<blockquote class=\"wp-block-quote is-layout-flow wp-block-quote-is-layout-flow\">\n<p><\/p>\n<\/blockquote>\n","protected":false},"excerpt":{"rendered":"<p>Activit\u00e9 Bien-\u00eatre YKIZEN \u559c\u3073 L\u2019Espace YKIZEN est situ\u00e9 \u00e0 Civrieux d\u2019Azergues, Tous les soins de Bien-\u00eatre sont r\u00e9alis\u00e9s dans un cadre chaleureux. Un espace accueillant, a\u00e9r\u00e9 et lumineux.Les produits cosm\u00e9tiques utilis\u00e9s sont naturellement adapt\u00e9s aux peaux sensibles. Tous les soins YKIZEN sont propos\u00e9s \u00e0 50\u20ac l&rsquo;unit\u00e9 pour 60 minutes compter 75 minutes pour toutes les prestations. favorisant un r\u00e9el r\u00e9\u00e9quilibre complet du corps en toute innocuit\u00e9. 1\/Le diapason est un instrument oscillatoire rentrant en r\u00e9sonance avec le corps par les diff\u00e9rentes fr\u00e9quences du diapason. C&rsquo;est un Soin relaxant profond semblable \u00e0 une micro sieste favorisant une d\u00e9tente profonde et pouvant att\u00e9nuer les douleurs. V\u00e9ritable parenth\u00e8se r\u00e9paratrice pour le corps et l\u2019esprit. \u00ab\u00a0\u00e9viter chez la femme enceinte et certains ant\u00e9c\u00e9dents\u00a0\u00bb 1\/ Bols chantants: Massage Sonore par vibrations, v\u00e9ritable voyage sonore , soin relaxant et \u00e9nergisant. S\u00e9ance o\u00f9 diff\u00e9rents instruments intuitifs sont utilis\u00e9s dont les bols tib\u00e9tains. Apaise les tensions et repose l&rsquo;esprit. BON CADEAU DISPONIBLE \u00ab\u00a0pause YKIZEN\u00a0\u00bb AU TARIF DE 60 \u20ac LES 90 MINUTES PAUSE YKIZEN Soins Psycho- \u00c9nerg\u00e9tique : EFT Accompagnement selon une \u00ab\u00a0Technique de Lib\u00e9ration \u00e9motionnelle\u00a0\u00bb pour apprendre \u00e0 r\u00e9agir de fa\u00e7on positive lors de situations anxiog\u00e8nes, stressantes. C&rsquo;est un outil puissant et lib\u00e9rateur. Possibilit\u00e9 par la suite de l&rsquo;utiliser en toute autonomie. 1 seule s\u00e9ance individuelle peut permettre un r\u00e9el mieux \u00eatre avec des b\u00e9n\u00e9fices \u00e0 long terme.<\/p>\n","protected":false},"author":1,"featured_media":0,"parent":0,"menu_order":0,"comment_status":"open","ping_status":"closed","template":"","meta":{"footnotes":""},"class_list":["post-147","page","type-page","status-publish","hentry"],"_links":{"self":[{"href":"https:\/\/ykizen.fr\/index.php?rest_route=\/wp\/v2\/pages\/147","targetHints":{"allow":["GET"]}}],"collection":[{"href":"https:\/\/ykizen.fr\/index.php?rest_route=\/wp\/v2\/pages"}],"about":[{"href":"https:\/\/ykizen.fr\/index.php?rest_route=\/wp\/v2\/types\/page"}],"author":[{"embeddable":true,"href":"https:\/\/ykizen.fr\/index.php?rest_route=\/wp\/v2\/users\/1"}],"replies":[{"embeddable":true,"href":"https:\/\/ykizen.fr\/index.php?rest_route=%2Fwp%2Fv2%2Fcomments&post=147"}],"version-history":[{"count":127,"href":"https:\/\/ykizen.fr\/index.php?rest_route=\/wp\/v2\/pages\/147\/revisions"}],"predecessor-version":[{"id":806,"href":"https:\/\/ykizen.fr\/index.php?rest_route=\/wp\/v2\/pages\/147\/revisions\/806"}],"wp:attachment":[{"href":"https:\/\/ykizen.fr\/index.php?rest_route=%2Fwp%2Fv2%2Fmedia&parent=147"}],"curies":[{"name":"wp","href":"https:\/\/api.w.org\/{rel}","templated":true}]}}