{"id":143,"date":"2021-09-08T21:10:44","date_gmt":"2021-09-08T19:10:44","guid":{"rendered":"http:\/\/ykizen.fr\/?page_id=143"},"modified":"2025-05-24T11:48:56","modified_gmt":"2025-05-24T09:48:56","slug":"presentation","status":"publish","type":"page","link":"https:\/\/ykizen.fr\/?page_id=143","title":{"rendered":"Pr\u00e9sentation"},"content":{"rendered":"\n<p>Qui suis-je ?<br>Je m\u2019appelle Sylvie, j\u2019aime promouvoir la vie tout en prenant  soin des autres.<br>D\u00e8s mon plus jeune \u00e2ge, je me suis orient\u00e9e professionnellement dans le secteur du bien-\u00eatre puis de la sant\u00e9.<br><br>&#8211; J\u2019ai tout naturellement \u00e9volu\u00e9 professionnellement dans le domaine du param\u00e9dical aupr\u00e8s de tout type de population pendant 25 ans dans diff\u00e9rents \u00e9tablissements de sant\u00e9 sp\u00e9cialis\u00e9s et r\u00e9put\u00e9s.<br><br> Aujourd\u2019hui mon domaine d\u2019activit\u00e9 professionnel comporte deux secteurs en lien avec le mieux -\u00eatre.  L\u2019un d\u00e9velopp\u00e9 sur diff\u00e9rentes techniques de lib\u00e9ration \u00e9motionnelle et l&rsquo;autre sur les soins du corps et de bien -\u00eatre.<\/p>\n\n\n\n<ul class=\"wp-block-list\">\n<li>Je suis esth\u00e9ticienne et dipl\u00f4m\u00e9e en Soin du corps depuis une vingtaine d&rsquo;ann\u00e9es, j&rsquo;ai suivi mon cursus aupr\u00e8s de Wolff Corinne \u00ab\u00a0M\u00e9daille d&rsquo;Or du Meilleurs Ouvrier de France\u00a0\u00bb.<\/li>\n\n\n\n<li>Depuis 2018, je me forme au massage TUINA. \u00ab&nbsp;Centre de formation TUINA MTC&nbsp;\u00bb \u00ab&nbsp;\u00e0 Lyon. C&rsquo;est un massage traditionnel chinois utilisant les diff\u00e9rentes techniques afin de remobiliser l&rsquo;\u00e9nergie et de retrouver sa vitalit\u00e9.<\/li>\n\n\n\n<li>J&rsquo;ai suivi de nombreux stages d &lsquo;Art Dramatique dont les Cours Florent. Je pratique aussi l&rsquo;Art Dramatique dans une troupe de th\u00e9\u00e2tre . Cr\u00e9atrice d&rsquo;ateliers collectifs adultes\/enfants centr\u00e9s sur la lib\u00e9ration \u00e9motionnelle et au cours de ces s\u00e9ances j&rsquo;utilise la m\u00e9diation th\u00e9\u00e2trale et le Rire . Certifi\u00e9e depuis 2020 par l\u2019\u00c9cole Internationale du RIRE, premi\u00e8re \u00e9cole du Rire en France.<\/li>\n<\/ul>\n\n\n\n<ul class=\"wp-block-list\">\n<li> \u00c9galement praticienne Certifi\u00e9e en Emotional Freedom Techniques  depuis 2021 ou TLE Techniques de Lib\u00e9ration \u00c9motionnelle, c&rsquo;est une m\u00e9thode compl\u00e9mentaire que propose l\u2019EKTC \u00ab\u00a0\u00c9cole de kin\u00e9siologie appliqu\u00e9e o\u00f9 je me suis form\u00e9e. C&rsquo;est une m\u00e9thode auto-gu\u00e9rison remarquable et de transformation personnelle. <\/li>\n<\/ul>\n\n\n\n<p>Depuis juillet 2022, je suis certifi\u00e9e en Sonoth\u00e9rapie. J\u2019ai suivi le cursus complet afin de proposer des soins de mieux \u00eatre par la vibration&nbsp;et le son.&nbsp;<\/p>\n\n\n\n<ul class=\"wp-block-list\">\n<li>Je propose des soins aux bols chantants, la vibration permet de r\u00e9\u00e9quilibrer le syst\u00e8me nerveux en douceur c&rsquo;est une exp\u00e9rience vibratoire \u00e9nergisante et relaxante.<\/li>\n<\/ul>\n\n\n\n<ul class=\"wp-block-list\">\n<li>Je propose \u00e9galement des s\u00e9ances de soin aux diapasons th\u00e9rapeutiques la vibration pour apaiser, soulager le corps et reposer l&rsquo;esprit.<\/li>\n<\/ul>\n\n\n\n<ul class=\"wp-block-list\">\n<li>Je propose aussi de belles s\u00e9ances de relaxation et voyage sonore pour tous en utilisant diff\u00e9rents instruments de musique intuitive apr\u00e8s chaque s\u00e9ance le corps et l&rsquo;esprit se retrouvent en parfaite harmonie.<\/li>\n<\/ul>\n","protected":false},"excerpt":{"rendered":"<p>Qui suis-je ?Je m\u2019appelle Sylvie, j\u2019aime promouvoir la vie tout en prenant soin des autres.D\u00e8s mon plus jeune \u00e2ge, je me suis orient\u00e9e professionnellement dans le secteur du bien-\u00eatre puis de la sant\u00e9. &#8211; J\u2019ai tout naturellement \u00e9volu\u00e9 professionnellement dans le domaine du param\u00e9dical aupr\u00e8s de tout type de population pendant 25 ans dans diff\u00e9rents \u00e9tablissements de sant\u00e9 sp\u00e9cialis\u00e9s et r\u00e9put\u00e9s. Aujourd\u2019hui mon domaine d\u2019activit\u00e9 professionnel comporte deux secteurs en lien avec le mieux -\u00eatre. L\u2019un d\u00e9velopp\u00e9 sur diff\u00e9rentes techniques de lib\u00e9ration \u00e9motionnelle et l&rsquo;autre sur les soins du corps et de bien -\u00eatre. Depuis juillet 2022, je suis certifi\u00e9e en Sonoth\u00e9rapie. J\u2019ai suivi le cursus complet afin de proposer des soins de mieux \u00eatre par la vibration&nbsp;et le son.&nbsp;<\/p>\n","protected":false},"author":1,"featured_media":0,"parent":0,"menu_order":0,"comment_status":"closed","ping_status":"closed","template":"","meta":{"footnotes":""},"class_list":["post-143","page","type-page","status-publish","hentry"],"_links":{"self":[{"href":"https:\/\/ykizen.fr\/index.php?rest_route=\/wp\/v2\/pages\/143","targetHints":{"allow":["GET"]}}],"collection":[{"href":"https:\/\/ykizen.fr\/index.php?rest_route=\/wp\/v2\/pages"}],"about":[{"href":"https:\/\/ykizen.fr\/index.php?rest_route=\/wp\/v2\/types\/page"}],"author":[{"embeddable":true,"href":"https:\/\/ykizen.fr\/index.php?rest_route=\/wp\/v2\/users\/1"}],"replies":[{"embeddable":true,"href":"https:\/\/ykizen.fr\/index.php?rest_route=%2Fwp%2Fv2%2Fcomments&post=143"}],"version-history":[{"count":31,"href":"https:\/\/ykizen.fr\/index.php?rest_route=\/wp\/v2\/pages\/143\/revisions"}],"predecessor-version":[{"id":809,"href":"https:\/\/ykizen.fr\/index.php?rest_route=\/wp\/v2\/pages\/143\/revisions\/809"}],"wp:attachment":[{"href":"https:\/\/ykizen.fr\/index.php?rest_route=%2Fwp%2Fv2%2Fmedia&parent=143"}],"curies":[{"name":"wp","href":"https:\/\/api.w.org\/{rel}","templated":true}]}}